{"id":29,"date":"2024-02-08T13:32:29","date_gmt":"2024-02-08T12:32:29","guid":{"rendered":"https:\/\/lotfi-ramdani.fr\/?page_id=29"},"modified":"2024-05-22T16:43:43","modified_gmt":"2024-05-22T14:43:43","slug":"lotfi-ramdani","status":"publish","type":"page","link":"https:\/\/lotfi-ramdani.fr\/","title":{"rendered":"Lotfi Ramdani"},"content":{"rendered":"<div class=\"wp-block-image\">\n<figure class=\"alignleft size-full\"><img loading=\"lazy\" decoding=\"async\" width=\"250\" height=\"250\" src=\"https:\/\/lotfi-ramdani.fr\/wp-content\/uploads\/2024\/02\/cropped-lotfi.jpg\" alt=\"lotfi ramdani\" class=\"wp-image-6\" srcset=\"https:\/\/lotfi-ramdani.fr\/wp-content\/uploads\/2024\/02\/cropped-lotfi.jpg 250w, https:\/\/lotfi-ramdani.fr\/wp-content\/uploads\/2024\/02\/cropped-lotfi-150x150.jpg 150w, https:\/\/lotfi-ramdani.fr\/wp-content\/uploads\/2024\/02\/cropped-lotfi-100x100.jpg 100w\" sizes=\"auto, (max-width: 250px) 100vw, 250px\" \/><figcaption class=\"wp-element-caption\">Lotfi Ramdani<\/figcaption><\/figure>\n<\/div>\n\n\n<p>Je suis Lotfi Ramdani, n\u00e9 en 1981 \u00e0 Alger. J&rsquo;habite Choisy-le-Roi, dans le Val de Marne (94), depuis 20 ans. Ing\u00e9nieur de formation, mon parcours oscille entre, inspecteur de la banque centrale, formateur en<a href=\"https:\/\/www.lkeria.com\/actualites\/immobilier\/le-blanchiment-dargent-vu-par-lotfi-ramdani\/#google_vignette\"> lutte anti blanchiment<\/a>, expert <a href=\"https:\/\/www.lkeria.com\/actualites\/immobilier\/non-la-bulle-immobiliere-ne-va-pas-eclater\/\">immobilier<\/a>, <a href=\"https:\/\/www.linkedin.com\/in\/lotfi-ramdani-b400326\/\">informaticien<\/a>, et<a href=\"https:\/\/heure-priere.fr\/les-hypotheses-erronees-de-letude-de-jerome-fourquet-sur-les-prenoms-arabo-musulmans\/\"> journaliste amateur<\/a>. Ma curiosit\u00e9 me pousse \u00e0 d\u00e9cortiquer les dynamiques soci\u00e9tales et la nature humaine, th\u00e8mes pr\u00e9dominants dans mes \u00e9crits.<\/p>\n\n\n\n<p>Un lecteur assidu d&rsquo;Am\u00e9lie Nothomb, Maurice le Blanc, Proust, Eric-Emmanuel Schmit et Bernard Werber, entre autres auteurs, j&rsquo;aime partager mes questionnements philosophiques \u00e0 travers mes personnages.<\/p>\n\n\n\n<p>Mon premier livre, \u00ab\u00a0Ne m&rsquo;en voulez pas, je suis comme \u00e7a\u00a0\u00bb, est un recueil de 13 nouvelles introspectives sur l&rsquo;acceptation et l&rsquo;authenticit\u00e9, illustrant la complexit\u00e9 de l&rsquo;\u00e2me humaine. Je suis \u00e0 la recherche d&rsquo;un \u00e9diteur pour le porter.<\/p>\n\n\n\n<p><\/p>\n\n\n<script>(function() {\n\twindow.mc4wp = window.mc4wp || {\n\t\tlisteners: [],\n\t\tforms: {\n\t\t\ton: function(evt, cb) {\n\t\t\t\twindow.mc4wp.listeners.push(\n\t\t\t\t\t{\n\t\t\t\t\t\tevent   : evt,\n\t\t\t\t\t\tcallback: cb\n\t\t\t\t\t}\n\t\t\t\t);\n\t\t\t}\n\t\t}\n\t}\n})();\n<\/script><!-- Mailchimp for WordPress v4.9.13 - https:\/\/wordpress.org\/plugins\/mailchimp-for-wp\/ --><form id=\"mc4wp-form-1\" class=\"mc4wp-form mc4wp-form-43\" method=\"post\" data-id=\"43\" data-name=\"Newsletter\" ><div class=\"mc4wp-form-fields\"><p>\n\t<label>Adresse de courrier \u00e9lectronique: \n\t\t<input type=\"email\" name=\"EMAIL\" placeholder=\"Votre adresse de courrier \u00e9lectronique\" required \/>\n<\/label>\n<\/p>\n\n<p>\n\t<input type=\"submit\" value=\"Abonnez-vous\" \/>\n<\/p><\/div><label style=\"display: none !important;\">Laissez ce champ vide si vous \u00eates humain\u00a0: <input type=\"text\" name=\"_mc4wp_honeypot\" value=\"\" tabindex=\"-1\" autocomplete=\"off\" \/><\/label><input type=\"hidden\" name=\"_mc4wp_timestamp\" value=\"1776680843\" \/><input type=\"hidden\" name=\"_mc4wp_form_id\" value=\"43\" \/><input type=\"hidden\" name=\"_mc4wp_form_element_id\" value=\"mc4wp-form-1\" \/><div class=\"mc4wp-response\"><\/div><\/form><!-- \/ Mailchimp for WordPress Plugin -->\n","protected":false},"excerpt":{"rendered":"<p>Je suis Lotfi Ramdani, n\u00e9 en 1981 \u00e0 Alger. J&rsquo;habite Choisy-le-Roi, dans le Val de Marne (94), depuis 20 ans. Ing\u00e9nieur de formation, mon parcours oscille entre, inspecteur de la banque centrale, formateur en lutte anti blanchiment, expert immobilier, informaticien, et journaliste [&hellip;]<\/p>\n","protected":false},"author":1,"featured_media":0,"parent":0,"menu_order":0,"comment_status":"closed","ping_status":"closed","template":"","meta":{"footnotes":""},"class_list":["post-29","page","type-page","status-publish","hentry"],"_links":{"self":[{"href":"https:\/\/lotfi-ramdani.fr\/index.php?rest_route=\/wp\/v2\/pages\/29","targetHints":{"allow":["GET"]}}],"collection":[{"href":"https:\/\/lotfi-ramdani.fr\/index.php?rest_route=\/wp\/v2\/pages"}],"about":[{"href":"https:\/\/lotfi-ramdani.fr\/index.php?rest_route=\/wp\/v2\/types\/page"}],"author":[{"embeddable":true,"href":"https:\/\/lotfi-ramdani.fr\/index.php?rest_route=\/wp\/v2\/users\/1"}],"replies":[{"embeddable":true,"href":"https:\/\/lotfi-ramdani.fr\/index.php?rest_route=%2Fwp%2Fv2%2Fcomments&post=29"}],"version-history":[{"count":25,"href":"https:\/\/lotfi-ramdani.fr\/index.php?rest_route=\/wp\/v2\/pages\/29\/revisions"}],"predecessor-version":[{"id":88,"href":"https:\/\/lotfi-ramdani.fr\/index.php?rest_route=\/wp\/v2\/pages\/29\/revisions\/88"}],"wp:attachment":[{"href":"https:\/\/lotfi-ramdani.fr\/index.php?rest_route=%2Fwp%2Fv2%2Fmedia&parent=29"}],"curies":[{"name":"wp","href":"https:\/\/api.w.org\/{rel}","templated":true}]}}